{"id":966,"date":"2024-12-19T13:54:27","date_gmt":"2024-12-19T11:54:27","guid":{"rendered":"https:\/\/unitedgypsies.fi\/tuote\/valhallan-rubiini-rotbier-6-033l-pullo"},"modified":"2025-12-04T09:29:58","modified_gmt":"2025-12-04T07:29:58","slug":"valhallan-rubiini-rotbier-6-033l-pullo","status":"publish","type":"product","link":"https:\/\/unitedgypsies.fi\/en\/product\/valhallan-rubiini-rotbier-6-033l-pullo\/","title":{"rendered":"Valhalla Rubini \/ Rotbier \/ 6% \/ 0.33l Bottle"},"content":{"rendered":"<p>Valhalla home brewery was founded in 2011. Brewer Jari Salmikivi. Passionate about brewing lagers and German-style beers. Here&#039;s a ruby red Rotbier for you. Cheers!<\/p>\n<p>The interplay of specialty malts and the Nobile hoppiness lends our Rotbier its high drinkability. Flavors of red fruits and prunes in the finish make this beer perfect for cut meats and cheese as well as with savory grilled dishes.<\/p>","protected":false},"excerpt":{"rendered":"<p>Valhallan kotipanimo on perustettu 2011. Oluentekij\u00e4 Jari Salmikivi. Intohimona panna sahtia sek\u00e4 saksalaistyylisi\u00e4 oluita. T\u00e4ss\u00e4 teille rubiininpunainen Rotbier. Prost! The interplay of specialty malts and the nobile hoppiness lends our Rotbier its high drinkability. Flavors of red fruits and prunes in the finish make this beer perfect for cut meats and cheese as well as [&hellip;]<\/p>\n","protected":false},"featured_media":967,"template":"","meta":[],"product_brand":[],"product_cat":[26],"product_tag":[61],"class_list":{"0":"post-966","1":"product","2":"type-product","3":"status-publish","4":"has-post-thumbnail","6":"product_cat-oluet","7":"product_tag-rotbier","9":"first","10":"instock","11":"taxable","12":"shipping-taxable","13":"purchasable","14":"product-type-variable","15":"has-default-attributes"},"_links":{"self":[{"href":"https:\/\/unitedgypsies.fi\/en\/wp-json\/wp\/v2\/product\/966","targetHints":{"allow":["GET"]}}],"collection":[{"href":"https:\/\/unitedgypsies.fi\/en\/wp-json\/wp\/v2\/product"}],"about":[{"href":"https:\/\/unitedgypsies.fi\/en\/wp-json\/wp\/v2\/types\/product"}],"wp:featuredmedia":[{"embeddable":true,"href":"https:\/\/unitedgypsies.fi\/en\/wp-json\/wp\/v2\/media\/967"}],"wp:attachment":[{"href":"https:\/\/unitedgypsies.fi\/en\/wp-json\/wp\/v2\/media?parent=966"}],"wp:term":[{"taxonomy":"product_brand","embeddable":true,"href":"https:\/\/unitedgypsies.fi\/en\/wp-json\/wp\/v2\/product_brand?post=966"},{"taxonomy":"product_cat","embeddable":true,"href":"https:\/\/unitedgypsies.fi\/en\/wp-json\/wp\/v2\/product_cat?post=966"},{"taxonomy":"product_tag","embeddable":true,"href":"https:\/\/unitedgypsies.fi\/en\/wp-json\/wp\/v2\/product_tag?post=966"}],"curies":[{"name":"wp","href":"https:\/\/api.w.org\/{rel}","templated":true}]}}