{"id":1124,"date":"2025-01-06T22:38:50","date_gmt":"2025-01-06T20:38:50","guid":{"rendered":"https:\/\/unitedgypsies.fi\/?page_id=1124"},"modified":"2025-01-09T11:40:51","modified_gmt":"2025-01-09T09:40:51","slug":"tietosuojaseloste","status":"publish","type":"page","link":"https:\/\/unitedgypsies.fi\/en\/tietosuojaseloste\/","title":{"rendered":"Privacy Policy"},"content":{"rendered":"<div data-elementor-type=\"wp-page\" data-elementor-id=\"1124\" class=\"elementor elementor-1124\" data-elementor-post-type=\"page\">\n\t\t\t\t\t\t<section class=\"elementor-section elementor-top-section elementor-element elementor-element-59f16cb6 elementor-section-full_width elementor-section-height-min-height elementor-section-height-default elementor-section-items-middle\" data-id=\"59f16cb6\" data-element_type=\"section\" data-e-type=\"section\" data-settings=\"{&quot;background_background&quot;:&quot;classic&quot;}\">\n\t\t\t\t\t\t<div class=\"elementor-container elementor-column-gap-default\">\n\t\t\t\t\t<div class=\"elementor-column elementor-col-100 elementor-top-column elementor-element elementor-element-545106ae\" data-id=\"545106ae\" data-element_type=\"column\" data-e-type=\"column\">\n\t\t\t<div class=\"elementor-widget-wrap elementor-element-populated\">\n\t\t\t\t\t\t<div class=\"elementor-element elementor-element-247d2ad6 elementor-widget elementor-widget-heading\" data-id=\"247d2ad6\" data-element_type=\"widget\" data-e-type=\"widget\" data-widget_type=\"heading.default\">\n\t\t\t\t<div class=\"elementor-widget-container\">\n\t\t\t\t\t<h3 class=\"elementor-heading-title elementor-size-default\">PRIVACY POLICY<\/h3>\t\t\t\t<\/div>\n\t\t\t\t<\/div>\n\t\t\t\t<div class=\"elementor-element elementor-element-894340c elementor-widget elementor-widget-heading\" data-id=\"894340c\" data-element_type=\"widget\" data-e-type=\"widget\" data-widget_type=\"heading.default\">\n\t\t\t\t<div class=\"elementor-widget-container\">\n\t\t\t\t\t<h5 class=\"elementor-heading-title elementor-size-default\">Prepared: 1.11.2021 \/ Updated: 1.11.2021<\/h5>\t\t\t\t<\/div>\n\t\t\t\t<\/div>\n\t\t\t\t\t<\/div>\n\t\t<\/div>\n\t\t\t\t\t<\/div>\n\t\t<\/section>\n\t\t\t\t<section class=\"elementor-section elementor-top-section elementor-element elementor-element-8fb4342 elementor-section-boxed elementor-section-height-default elementor-section-height-default\" data-id=\"8fb4342\" data-element_type=\"section\" data-e-type=\"section\">\n\t\t\t\t\t\t<div class=\"elementor-container elementor-column-gap-default\">\n\t\t\t\t\t<div class=\"elementor-column elementor-col-100 elementor-top-column elementor-element elementor-element-fb81ea8\" data-id=\"fb81ea8\" data-element_type=\"column\" data-e-type=\"column\">\n\t\t\t<div class=\"elementor-widget-wrap elementor-element-populated\">\n\t\t\t\t\t\t<div class=\"elementor-element elementor-element-d6d842d elementor-widget elementor-widget-spacer\" data-id=\"d6d842d\" data-element_type=\"widget\" data-e-type=\"widget\" data-widget_type=\"spacer.default\">\n\t\t\t\t<div class=\"elementor-widget-container\">\n\t\t\t\t\t\t\t<div class=\"elementor-spacer\">\n\t\t\t<div class=\"elementor-spacer-inner\"><\/div>\n\t\t<\/div>\n\t\t\t\t\t\t<\/div>\n\t\t\t\t<\/div>\n\t\t\t\t<div class=\"elementor-element elementor-element-d0c29c7 elementor-widget elementor-widget-text-editor\" data-id=\"d0c29c7\" data-element_type=\"widget\" data-e-type=\"widget\" data-widget_type=\"text-editor.default\">\n\t\t\t\t<div class=\"elementor-widget-container\">\n\t\t\t\t\t\t\t\t\t<h4>This is UG Brewery Oy&#039;s combined register statement and information document for UG Brewery Oy&#039;s customers, potential customers and website users.<\/h4><p><b>Use of cookies:<\/b><\/p><p>We use cookies on our website unitedgypsies.fi.<br \/>A cookie is a small text file that a website stores on your computer, tablet or mobile phone when you visit the page. We use cookies to analyze site usage, target advertising and monitor the effectiveness of advertising in digital media, such as search engines. Cookies do not contain personal information. Cookies are not given or sold to third parties.<\/p><p>By using the unitedgypsies.fi website, you agree to the use of cookies as described above. You can avoid the use of cookies by modifying your browser settings and prohibiting their use.<\/p><p><b>1. Data controller:<\/b><br \/>UG Brewery Ltd.<\/p><p><b>2. Contact person responsible for registry matters:<\/b><br \/>Ilkka Miettinen, info@unitedgypsies.fi<\/p><p><b>3. Register name:<\/b><br \/>UG Brewery Oy&#039;s customer and marketing register<\/p><p><b>4. Purpose of the register:<\/b><\/p><p>Enabling customer service contacts, maintaining customer relationships and marketing, receiving online store orders<\/p><p><b>5. Data content of the register:<\/b><\/p><ul><li>Person&#039;s name, email address and title\/area of responsibility<\/li><li>Company name, contact information and industry<\/li><li>Information related to customer management and communication<\/li><li>Information related to online behavior on UG Brewery Oy&#039;s websites and services<\/li><li>Information related to marketing and promotions, such as marketing activities targeted at the data subject and participation in them<\/li><li>Accounts\/profiles on social media services<\/li><li>Technical information, as well as cookies and related information sent to the data subject&#039;s browser<\/li><\/ul><p><b>6. Regular sources of information:<\/b><br \/>The collection of name and other contact information is based on the customer relationship or other connection with UG Brewery Oy. The information stored in the register is obtained from the customer, for example, from messages sent via web forms, by email, by telephone, through social media services, from contracts, customer meetings and other situations in which the customer provides their information.<\/p><p><b>7. Regular disclosure of information:<\/b><br \/>The information will not be disclosed to other parties. Information may be published to the extent agreed with the customer.<\/p><p><b>8. Regular data transfers and data transfers outside the EU or EEA:<\/b><br \/>Digital data is stored in the online service mainly in secure data centers within the EU. This data may also be transferred or backed up by the controller outside the EU or EEA, depending on the locations of the data centers of any online service providers. This way, your data is safe even in situations where the main servers fail.<\/p><p><b>9. Principles of register protection:<\/b><br \/>Care is taken in handling the register and the information processed by the information systems is appropriately protected. When register data is stored on Internet servers, the physical and digital security of their hardware is appropriately ensured.<\/p><p>The controller ensures that stored data, server access rights and other information critical to the security of personal data are handled confidentially and only by employees whose job description includes it.<\/p>\t\t\t\t\t\t\t\t<\/div>\n\t\t\t\t<\/div>\n\t\t\t\t\t<\/div>\n\t\t<\/div>\n\t\t\t\t\t<\/div>\n\t\t<\/section>\n\t\t\t\t<\/div>","protected":false},"excerpt":{"rendered":"<p>TIETOSUOJASELOSTE Laadittu: 1.11.2021 \/ P\u00e4ivitetty: 1.11.2021 T\u00e4m\u00e4 on UG Brewery Oy:n yhdistetty rekisteriseloste ja informointiasiakirja UG Brewery Oy:n asiakkaille, potentiaalisille asiakkaille sek\u00e4 verkkosivuston k\u00e4ytt\u00e4jille. Ev\u00e4steiden k\u00e4ytt\u00f6: K\u00e4yt\u00e4mme ev\u00e4steit\u00e4 (cookies) verkkosivustollamme unitedgypsies.fiEv\u00e4ste on pieni tekstitiedosto, jonka verkkosivu tallentaa tietokoneelle, tabletille tai matkapuhelimelle k\u00e4ydess\u00e4si sivulla. K\u00e4yt\u00e4mme ev\u00e4steit\u00e4 sivuston k\u00e4yt\u00f6n analysointiin, mainonnan kohdentamiseen ja mainonnan toimivuuden seuraamiseen digitaalisissa [&hellip;]<\/p>\n","protected":false},"author":2,"featured_media":0,"parent":0,"menu_order":0,"comment_status":"closed","ping_status":"closed","template":"","meta":{"footnotes":""},"class_list":["post-1124","page","type-page","status-publish","hentry"],"_links":{"self":[{"href":"https:\/\/unitedgypsies.fi\/en\/wp-json\/wp\/v2\/pages\/1124","targetHints":{"allow":["GET"]}}],"collection":[{"href":"https:\/\/unitedgypsies.fi\/en\/wp-json\/wp\/v2\/pages"}],"about":[{"href":"https:\/\/unitedgypsies.fi\/en\/wp-json\/wp\/v2\/types\/page"}],"author":[{"embeddable":true,"href":"https:\/\/unitedgypsies.fi\/en\/wp-json\/wp\/v2\/users\/2"}],"replies":[{"embeddable":true,"href":"https:\/\/unitedgypsies.fi\/en\/wp-json\/wp\/v2\/comments?post=1124"}],"version-history":[{"count":29,"href":"https:\/\/unitedgypsies.fi\/en\/wp-json\/wp\/v2\/pages\/1124\/revisions"}],"predecessor-version":[{"id":1354,"href":"https:\/\/unitedgypsies.fi\/en\/wp-json\/wp\/v2\/pages\/1124\/revisions\/1354"}],"wp:attachment":[{"href":"https:\/\/unitedgypsies.fi\/en\/wp-json\/wp\/v2\/media?parent=1124"}],"curies":[{"name":"wp","href":"https:\/\/api.w.org\/{rel}","templated":true}]}}